{"id":918,"date":"2015-06-22T15:04:03","date_gmt":"2015-06-22T12:04:03","guid":{"rendered":"http:\/\/kymenautomobiilikerho.fi\/wp\/?page_id=918"},"modified":"2015-09-10T09:23:55","modified_gmt":"2015-09-10T06:23:55","slug":"villen-ajo-29-08-2015","status":"publish","type":"page","link":"https:\/\/kymenautomobiilikerho.fi\/wp\/villen-ajo-29-08-2015\/","title":{"rendered":"3. Villen ajo Hamina-Loviisa 29.08.2015"},"content":{"rendered":"<p>&nbsp;<br \/>\nAjon j\u00e4rjest\u00e4jin\u00e4 toimivat Kymen Automobiilikerho ry ja Autoliiton Kotkan osasto. Ajon l\u00e4ht\u00f6paikalle saapui 35 ajoneuvokuntaa, joissa oli kaikkiaan 75 henkil\u00f6\u00e4.<\/p>\n<p>L\u00e4ht\u00f6 tapahtui Uusi Kaakon katsastus Oy:n Ansaskuja 7 pihalta klo 10.00. Ennen ajoon l\u00e4ht\u00f6\u00e4 katsastusasema tarjosi makoisaa lohisoppaa soppatykist\u00e4, ja kahvia sai valita automaatista kunkin maun mukaan. Haminasta ajeltiin Neste Huttusen pihaan, jossa kaikille kilpailunumerolla oleville ko. asema jakoi 5 litraa pienkonebensiini\u00e4, joka soveltuu my\u00f6s hyvin vanhojen ajoneuvojen talvis\u00e4ilytyksen polttoaineeksi.Neste Huttuselta matka jatkui Langinkoskelle. Siell\u00e4 oli opastettu tutustuminen keisarilliseen kalastusmajaan, sen alkuper\u00e4iseen kalustukseen ja historiaan. Historia oli mielenkiintoista kuultavaa, kuten my\u00f6s valokuvat majan seinill\u00e4.<\/p>\n<p>Langinkoskelta ajo jatkui Siltakyl\u00e4\u00e4n autoteippaus Timo Teipille, jossa juotiin pullakahvit ja n\u00e4htiin ko. firman isot teippaustilat.<br \/>\nSeuraava lyhyt pys\u00e4hdys oli Pyht\u00e4\u00e4n ABC:ll\u00e4, jossa saimme autoihin tunnistimet tasanopeuskilpailua varten.  Siit\u00e4 matka jatkui siten, ett\u00e4 kuorma-autot (yli 3500 kg) ajoivat Ahvenkosken sillan yli ja siit\u00e4 Elim\u00e4entiet\u00e4 kohti Ruukkia. Kevyempi kalusto ajoi Vanhaa Viipurintiet\u00e4 Savukosken museosillan kautta, joka tuli ylitt\u00e4\u00e4 max 10 km\/h nopeudella. Matka jatkui sitten Elim\u00e4entien ja Ahvenkoskentien kautta Ruukkiin. Ko. kohdassa oli pient\u00e4 sekaannusta, koska liikenteen ohjaajat eiv\u00e4t ehtineet edellisest\u00e4 ohjauspisteest\u00e4 ohjaamaan kaikkia alkup\u00e4\u00e4n autoja aivan oikeaa reitti\u00e4, mutta se ei matkantekoa haitannut.<\/p>\n<p>Ruotsinpyht\u00e4\u00e4n ruukin paja-alueella autoista otettiin pois tasanopeuskilpailun tunnistimet, eli 4-osainen kilpailu oli v\u00e4lill\u00e4 Pyht\u00e4\u00e4 ABC \u2013 Ruukki. Annetut nopeudet oli ensimm\u00e4isess\u00e4 ja viimeisess\u00e4 kokeessa 38 km\/h, ja toisessa ja kolmannessa 50 km\/h. Ohjeessa ilmoitettiin paikka mist\u00e4 koe alkaa ja mihin se p\u00e4\u00e4ttyy. Ruukissa oli mahdollisuus tutustua vanhaan tehdasmilj\u00f6\u00f6seen ja erikoismyym\u00e4l\u00f6ihin.<\/p>\n<p>Ruukin pajapihan alueelta ajeltiin p\u00e4\u00e4tepisteeseen Loviisaan, jossa oli Wanhat Talot n\u00e4yttely. Meille piti olla kaupungin puolesta varattuna pys\u00e4k\u00f6intitilaa Kuningattarenkadulla, mutta kaupunki ei ollutkaan sulkenut ko. katua, vaikka n\u00e4in oli heid\u00e4n kanssaan sovittu. Kuningattarenkatu oli t\u00e4ynn\u00e4 pys\u00e4k\u00f6ityj\u00e4 autoja, joten jouduimme kiertelem\u00e4\u00e4n kaupungin katuja ymp\u00e4riins\u00e4. N\u00e4inh\u00e4n yleis\u00f6 n\u00e4ki vanhoja autoja ja ihasteli niit\u00e4. Menimme yleis\u00f6n n\u00e4ht\u00e4viksi, joten heid\u00e4n ei tarvinnut tulla katsomaan autoja Kuningattarenkadulle, kuten Wanhat Talot esitteess\u00e4 mainitaan. Keskustassa kiertelyjen j\u00e4lkeen autot ajoivat omatoimisesti ruokailuun ja palkintojen jakoon Valkoon, jonne tiett\u00e4v\u00e4sti kaikki osasivat.<br \/>\nAjosta kuvattu DVD on saatavissa Kymen Automobiilikerholta. Alustava hinta on 20 \u20ac \/ kpl.<br \/>\nL\u00e4hemm\u00e4t tiedot DVD:st\u00e4 sihteeri Jouko Perilt\u00e4.<br \/>\n&nbsp;<br \/>\nTasanopeuskilpailun kolme ensimm\u00e4ist\u00e4:<br \/>\n1. Iikka Uusitalo      Siltakyl\u00e4      Citroen 2CV                 1971       14,6<br \/>\n2. Reijo Salminen      Kotka          Ford A                      1931       27,6<br \/>\n3. Esa Tamminen        Koria          Alfa Romeo Montreal         1972       27,6<\/p>\n<p>Pitk\u00e4matkalaisin: Risto Mattila Heinola  Volkswagen 1200    1957<br \/>\n&nbsp;<br \/>\nKiitoksia kaikille ajoon osallistuneille ja ajot j\u00e4rjest\u00e4neelle talkooporukalle.<br \/>\nHyv\u00e4\u00e4 syksy\u00e4 !<br \/>\n&nbsp;<br \/>\n tv. Timo Kaunonen<br \/>\n&nbsp;<br \/>\n\t\t\t\t\t\t<div class=\"gallery_box_single\">\n\t\t\t\t\t\t\t\t\t\t\t\t\t\t\t<div class=\"gallery gllr_grid\" data-gllr-columns=\"3\" data-gllr-border-width=\"10\">\n\t\t\t\t\t\t\t\t\t\t\t\t\t\t\t\t\t\t\t\t<div class=\"gllr_image_row\">\n\t\t\t\t\t\t\t\t\t\t\t\t\t\t\t\t\t\t\t\t\t<div class=\"gllr_image_block\">\n\t\t\t\t\t\t\t\t\t\t\t\t<p style=\"\n\t\t\t\t\t\t\t\t\t\t\t\twidth:180px;height:140px;\t\t\t\t\t\t\t\t\t\t\t\t\">\n\t\t\t\t\t\t\t\t\t\t\t\t\t\t\t\t\t\t\t\t\t\t\t\t\t\t\t\t<a data-fancybox=\"gallery_fancybox_949\" href=\"https:\/\/kymenautomobiilikerho.fi\/wp\/wp-content\/uploads\/2015\/09\/IMG_0309-1024x840.jpg\" title=\"\" >\n\t\t\t\t\t\t\t\t\t\t\t\t\t\t\t\t<img decoding=\"async\" width=&quot;160&quot; height=&quot;120&quot; style=\"width:160px; height:120px; border-width: 10px; border-color:#F1F1F1;border: 10px solid #F1F1F1\" alt=\"\" title=\"\" src=\"https:\/\/kymenautomobiilikerho.fi\/wp\/wp-content\/uploads\/2015\/09\/IMG_0309-160x120.jpg\" rel=\"https:\/\/kymenautomobiilikerho.fi\/wp\/wp-content\/uploads\/2015\/09\/IMG_0309.JPG\" \/>\t\t\t\t\t\t\t\t\t\t\t\t\t\t\t<\/a>\n\t\t\t\t\t\t\t\t\t\t\t\t\t\t\t\t\t\t\t\t\t\t\t\t\t\t<\/p>\n\t\t\t\t\t\t\t\t\t\t\t\t\t\t\t\t\t\t\t\t\t\t\t\t\t<div \n\t\t\t\t\t\t\t\t\t\t\t\t\tstyle=\"width:180px;\"\t\t\t\t\t\t\t\t\t\t\t\t\tclass=\"gllr_single_image_text gllr_single_image_text_under\">&nbsp;<\/div>\n\t\t\t\t\t\t\t\t\t\t\t\t\t\t\t\t\t\t\t\t\t\t\t<\/div><!-- .gllr_image_block -->\n\t\t\t\t\t\t\t\t\t\t\t\t\t\t\t\t\t\t\t\t\t<div class=\"gllr_image_block\">\n\t\t\t\t\t\t\t\t\t\t\t\t<p style=\"\n\t\t\t\t\t\t\t\t\t\t\t\twidth:180px;height:140px;\t\t\t\t\t\t\t\t\t\t\t\t\">\n\t\t\t\t\t\t\t\t\t\t\t\t\t\t\t\t\t\t\t\t\t\t\t\t\t\t\t\t<a data-fancybox=\"gallery_fancybox_949\" href=\"https:\/\/kymenautomobiilikerho.fi\/wp\/wp-content\/uploads\/2015\/09\/IMG_1192-1024x1004.jpg\" title=\"\" >\n\t\t\t\t\t\t\t\t\t\t\t\t\t\t\t\t<img decoding=\"async\" width=&quot;160&quot; height=&quot;120&quot; style=\"width:160px; height:120px; border-width: 10px; border-color:#F1F1F1;border: 10px solid #F1F1F1\" alt=\"\" title=\"\" src=\"https:\/\/kymenautomobiilikerho.fi\/wp\/wp-content\/uploads\/2015\/09\/IMG_1192-160x120.jpg\" rel=\"https:\/\/kymenautomobiilikerho.fi\/wp\/wp-content\/uploads\/2015\/09\/IMG_1192.JPG\" \/>\t\t\t\t\t\t\t\t\t\t\t\t\t\t\t<\/a>\n\t\t\t\t\t\t\t\t\t\t\t\t\t\t\t\t\t\t\t\t\t\t\t\t\t\t<\/p>\n\t\t\t\t\t\t\t\t\t\t\t\t\t\t\t\t\t\t\t\t\t\t\t\t\t<div \n\t\t\t\t\t\t\t\t\t\t\t\t\tstyle=\"width:180px;\"\t\t\t\t\t\t\t\t\t\t\t\t\tclass=\"gllr_single_image_text gllr_single_image_text_under\">&nbsp;<\/div>\n\t\t\t\t\t\t\t\t\t\t\t\t\t\t\t\t\t\t\t\t\t\t\t<\/div><!-- .gllr_image_block -->\n\t\t\t\t\t\t\t\t\t\t\t\t\t\t\t\t\t\t\t\t\t<div class=\"gllr_image_block\">\n\t\t\t\t\t\t\t\t\t\t\t\t<p style=\"\n\t\t\t\t\t\t\t\t\t\t\t\twidth:180px;height:140px;\t\t\t\t\t\t\t\t\t\t\t\t\">\n\t\t\t\t\t\t\t\t\t\t\t\t\t\t\t\t\t\t\t\t\t\t\t\t\t\t\t\t<a data-fancybox=\"gallery_fancybox_949\" href=\"https:\/\/kymenautomobiilikerho.fi\/wp\/wp-content\/uploads\/2015\/09\/IMG_0312-1024x834.png\" title=\"\" >\n\t\t\t\t\t\t\t\t\t\t\t\t\t\t\t\t<img decoding=\"async\" width=&quot;160&quot; height=&quot;120&quot; style=\"width:160px; height:120px; border-width: 10px; border-color:#F1F1F1;border: 10px solid #F1F1F1\" alt=\"\" title=\"\" src=\"https:\/\/kymenautomobiilikerho.fi\/wp\/wp-content\/uploads\/2015\/09\/IMG_0312-160x120.png\" rel=\"https:\/\/kymenautomobiilikerho.fi\/wp\/wp-content\/uploads\/2015\/09\/IMG_0312.png\" \/>\t\t\t\t\t\t\t\t\t\t\t\t\t\t\t<\/a>\n\t\t\t\t\t\t\t\t\t\t\t\t\t\t\t\t\t\t\t\t\t\t\t\t\t\t<\/p>\n\t\t\t\t\t\t\t\t\t\t\t\t\t\t\t\t\t\t\t\t\t\t\t\t\t<div \n\t\t\t\t\t\t\t\t\t\t\t\t\tstyle=\"width:180px;\"\t\t\t\t\t\t\t\t\t\t\t\t\tclass=\"gllr_single_image_text gllr_single_image_text_under\">&nbsp;<\/div>\n\t\t\t\t\t\t\t\t\t\t\t\t\t\t\t\t\t\t\t\t\t\t\t<\/div><!-- .gllr_image_block -->\n\t\t\t\t\t\t\t\t\t\t\t\t\t\t\t\t\t\t\t\t\t<\/div><!-- .gllr_image_row -->\n\t\t\t\t\t\t\t\t\t\t\t\t\t\t\t\t\t\t\t\t\t\t<div class=\"gllr_image_row\">\n\t\t\t\t\t\t\t\t\t\t\t\t\t\t\t\t\t\t\t\t\t<div class=\"gllr_image_block\">\n\t\t\t\t\t\t\t\t\t\t\t\t<p style=\"\n\t\t\t\t\t\t\t\t\t\t\t\twidth:180px;height:140px;\t\t\t\t\t\t\t\t\t\t\t\t\">\n\t\t\t\t\t\t\t\t\t\t\t\t\t\t\t\t\t\t\t\t\t\t\t\t\t\t\t\t<a data-fancybox=\"gallery_fancybox_949\" href=\"https:\/\/kymenautomobiilikerho.fi\/wp\/wp-content\/uploads\/2015\/09\/IMG_1202-1024x768.jpg\" title=\"\" >\n\t\t\t\t\t\t\t\t\t\t\t\t\t\t\t\t<img decoding=\"async\" width=&quot;160&quot; height=&quot;120&quot; style=\"width:160px; height:120px; border-width: 10px; border-color:#F1F1F1;border: 10px solid #F1F1F1\" alt=\"\" title=\"\" src=\"https:\/\/kymenautomobiilikerho.fi\/wp\/wp-content\/uploads\/2015\/09\/IMG_1202-160x120.jpg\" rel=\"https:\/\/kymenautomobiilikerho.fi\/wp\/wp-content\/uploads\/2015\/09\/IMG_1202.JPG\" \/>\t\t\t\t\t\t\t\t\t\t\t\t\t\t\t<\/a>\n\t\t\t\t\t\t\t\t\t\t\t\t\t\t\t\t\t\t\t\t\t\t\t\t\t\t<\/p>\n\t\t\t\t\t\t\t\t\t\t\t\t\t\t\t\t\t\t\t\t\t\t\t\t\t<div \n\t\t\t\t\t\t\t\t\t\t\t\t\tstyle=\"width:180px;\"\t\t\t\t\t\t\t\t\t\t\t\t\tclass=\"gllr_single_image_text gllr_single_image_text_under\">&nbsp;<\/div>\n\t\t\t\t\t\t\t\t\t\t\t\t\t\t\t\t\t\t\t\t\t\t\t<\/div><!-- .gllr_image_block -->\n\t\t\t\t\t\t\t\t\t\t\t\t\t\t\t\t\t\t\t\t\t<div class=\"gllr_image_block\">\n\t\t\t\t\t\t\t\t\t\t\t\t<p style=\"\n\t\t\t\t\t\t\t\t\t\t\t\twidth:180px;height:140px;\t\t\t\t\t\t\t\t\t\t\t\t\">\n\t\t\t\t\t\t\t\t\t\t\t\t\t\t\t\t\t\t\t\t\t\t\t\t\t\t\t\t<a data-fancybox=\"gallery_fancybox_949\" href=\"https:\/\/kymenautomobiilikerho.fi\/wp\/wp-content\/uploads\/2015\/09\/IMG_1209-1024x860.jpg\" title=\"\" >\n\t\t\t\t\t\t\t\t\t\t\t\t\t\t\t\t<img decoding=\"async\" width=&quot;160&quot; height=&quot;120&quot; style=\"width:160px; height:120px; border-width: 10px; border-color:#F1F1F1;border: 10px solid #F1F1F1\" alt=\"\" title=\"\" src=\"https:\/\/kymenautomobiilikerho.fi\/wp\/wp-content\/uploads\/2015\/09\/IMG_1209-160x120.jpg\" rel=\"https:\/\/kymenautomobiilikerho.fi\/wp\/wp-content\/uploads\/2015\/09\/IMG_1209.JPG\" \/>\t\t\t\t\t\t\t\t\t\t\t\t\t\t\t<\/a>\n\t\t\t\t\t\t\t\t\t\t\t\t\t\t\t\t\t\t\t\t\t\t\t\t\t\t<\/p>\n\t\t\t\t\t\t\t\t\t\t\t\t\t\t\t\t\t\t\t\t\t\t\t\t\t<div \n\t\t\t\t\t\t\t\t\t\t\t\t\tstyle=\"width:180px;\"\t\t\t\t\t\t\t\t\t\t\t\t\tclass=\"gllr_single_image_text gllr_single_image_text_under\">&nbsp;<\/div>\n\t\t\t\t\t\t\t\t\t\t\t\t\t\t\t\t\t\t\t\t\t\t\t<\/div><!-- .gllr_image_block -->\n\t\t\t\t\t\t\t\t\t\t\t\t\t\t\t\t\t\t\t\t\t<div class=\"clear\"><\/div>\n\t\t\t\t\t\t\t\t\t\t<\/div><!-- .gllr_image_row -->\n\t\t\t\t\t\t\t\t\t\t\t\t\t\t\t\t\t<\/div><!-- .gallery.clearfix -->\n\t\t\t\t\t\t\t\t\t\t\t\t\t\t<\/div><!-- .gallery_box_single -->\n\t\t\t\t\t\t<div class=\"gllr_clear\"><\/div>\n\t\t\t\t\t\t<\/p>\n","protected":false},"excerpt":{"rendered":"<p>&nbsp; Ajon j\u00e4rjest\u00e4jin\u00e4 toimivat Kymen Automobiilikerho ry ja Autoliiton Kotkan osasto. Ajon l\u00e4ht\u00f6paikalle saapui 35 ajoneuvokuntaa, joissa oli kaikkiaan 75 henkil\u00f6\u00e4. L\u00e4ht\u00f6 tapahtui Uusi Kaakon katsastus Oy:n Ansaskuja 7 pihalta klo 10.00. Ennen ajoon l\u00e4ht\u00f6\u00e4 katsastusasema tarjosi makoisaa lohisoppaa soppatykist\u00e4,&hellip; <a href=\"https:\/\/kymenautomobiilikerho.fi\/wp\/gallery\/949-2\/\" class=\"more-link\">Continue Reading <span class=\"meta-nav\">&rarr;<\/span><\/a><\/p>\n","protected":false},"author":1,"featured_media":0,"parent":0,"menu_order":0,"comment_status":"closed","ping_status":"closed","template":"","meta":{"footnotes":""},"class_list":["post-918","page","type-page","status-publish","hentry"],"_links":{"self":[{"href":"https:\/\/kymenautomobiilikerho.fi\/wp\/wp-json\/wp\/v2\/pages\/918","targetHints":{"allow":["GET"]}}],"collection":[{"href":"https:\/\/kymenautomobiilikerho.fi\/wp\/wp-json\/wp\/v2\/pages"}],"about":[{"href":"https:\/\/kymenautomobiilikerho.fi\/wp\/wp-json\/wp\/v2\/types\/page"}],"author":[{"embeddable":true,"href":"https:\/\/kymenautomobiilikerho.fi\/wp\/wp-json\/wp\/v2\/users\/1"}],"replies":[{"embeddable":true,"href":"https:\/\/kymenautomobiilikerho.fi\/wp\/wp-json\/wp\/v2\/comments?post=918"}],"version-history":[{"count":12,"href":"https:\/\/kymenautomobiilikerho.fi\/wp\/wp-json\/wp\/v2\/pages\/918\/revisions"}],"predecessor-version":[{"id":956,"href":"https:\/\/kymenautomobiilikerho.fi\/wp\/wp-json\/wp\/v2\/pages\/918\/revisions\/956"}],"wp:attachment":[{"href":"https:\/\/kymenautomobiilikerho.fi\/wp\/wp-json\/wp\/v2\/media?parent=918"}],"curies":[{"name":"wp","href":"https:\/\/api.w.org\/{rel}","templated":true}]}}